{"id":185,"date":"2018-05-16T14:49:26","date_gmt":"2018-05-16T13:49:26","guid":{"rendered":"http:\/\/wwfrei.de\/?page_id=185"},"modified":"2018-06-11T15:25:28","modified_gmt":"2018-06-11T14:25:28","slug":"datenschutzerklaerung","status":"publish","type":"page","link":"http:\/\/wwfrei.de\/?page_id=185","title":{"rendered":"Datenschutzerkl\u00e4rung"},"content":{"rendered":"<p><strong>I. Verantwortlich f\u00fcr die Webseite<\/strong><\/p>\n<p>Waltraud und Wolfgang Frei<br \/>\nDeienmooserstr. 18<br \/>\n78345 Moos<br \/>\n077353584<br \/>\n<a href=\"mailto:fewo@wwfrei.de\">fewo@wwfrei.de<\/a><\/p>\n<p><strong>II. Bereitstellung der Website und Erstellung von Logfiles<\/strong><\/p>\n<p>Bei jedem Aufruf unserer Internetseite erfasst das System unseres Providers Strato AG automatisiert Daten und Informationen vom Computersystem des aufrufenden Rechners.<br \/>\nFolgende Daten werden hierbei erhoben:<\/p>\n<p>1. Informationen \u00fcber den Browsertyp und die verwendete Version<br \/>\n2. Das Betriebssystem des Nutzers<br \/>\n3. Die IP-Adresse des Nutzers<br \/>\n4. Datum und Uhrzeit des Zugriffs<br \/>\n5. Websites, von denen das System des Nutzers auf unsere Internetseite gelangt<br \/>\n6. Seiten auf unserer Website, die vom System des Nutzers aufgerufen werden<\/p>\n<p>Im Falle einer fehlerhaften Browseranfrage werden zus\u00e4tzlich folgende Daten in einer Fehler-Logdatei gespeichert:<\/p>\n<p>1. Die IP-Adresse des Nutzers<br \/>\n2. Datum und Uhrzeit des Zugriffs<br \/>\n3. Fehlercode<br \/>\n4. Seiten auf unserer Website, die vom System des Nutzers aufgerufen werden<\/p>\n<p>Die Daten werden ebenfalls in den Logfiles des Systems bei der Strato AG gespeichert. Eine Speicherung dieser Daten zusammen mit anderen personenbezogenen Daten des Nutzers findet nicht statt.<br \/>\nDiese Daten werden nach 7 Tagen gel\u00f6scht bzw. anonymisiert, falls kein zwingender technischer oder rechtlicher Grund besteht, sie l\u00e4nger aufzubewahren.<br \/>\nDie Daten werden in anonymisierter Form zu statistischen Zwecken 400 Tage aufbewahrt,<br \/>\nwovon wir aber keinen Gebrauch machen.<\/p>\n<p>Rechtsgrundlage f\u00fcr die vor\u00fcbergehende Speicherung der Daten und der Logfiles ist Art. 6 Abs. 1 lit. f DSGVO aus berechtigtem Interresse, die Daten sind zur Bereitstellung des Dienstes und evtl. Fehlersuche notwendig.<\/p>\n<p>Die Fa. Strato AG verarbeitet diese Daten im Rahmen einer Vereinbarung zur Auftragsverarbeitung nach Art. 28 Abs. 3 Datenschutz-Grundverordnung (DSGVO).<\/p>\n<p>Weitere Informationen zu unserem Provider und dessen Ma\u00dfnahmen zum Datenschutz k\u00f6nnen Sie \u00fcber <a href=\"https:\/\/www.strato.de\">https:\/\/www.strato.de<\/a> einholen.<\/p>\n<p><strong>III. Cookies<\/strong><\/p>\n<p>Unsere Seite setzt, falls dies in Ihrem Browser freigeschaltet ist, ein Sessioncookie, anhand dessen Ihr Browser w\u00e4hrend einer Sitzung identifiziert werden kann, um die Bedienung der Seite zu erleichtern. Die Cookies verlieren nach Beendigung der Sitzung ihre G\u00fcltigkeit.<\/p>\n<p><strong>IV. Weitere Daten<\/strong><\/p>\n<p>Wir bieten keine M\u00f6glichkeit f\u00fcr den Benutzer, sich bei unserer Seite zu registrieren, anzumelden oder Daten einzugeben.<\/p>\n<p>Auch benutzen wir keine eingeblendete Werbung oder Statistiktools wie z.B. Google Analytics, es werden also keine Daten automatisch an Dritte weitergegeben.<\/p>\n<p>Bitte beachten Sie, dass Ihr Browser beim Aufruf externer Links auf unserer Seite dem Betreiber der aufgerufenen Seite die Daten gem\u00e4\u00df Abschnitt II \u00fcbermittelt.<\/p>\n<p>&nbsp;<\/p>\n<p><strong>V. Benutzung Email-Links<\/strong><\/p>\n<p>Sollten Sie uns per Email kontaktieren, so k\u00f6nnen sie eine L\u00f6schung Ihrer Emails durch eine Mail an \u00a0<a href=\"mailto:fewo@wwfrei.de\">fewo@wwfrei.de<\/a> verlangen.<br \/>\nWir werden Ihre Mails dann unverz\u00fcglich nach Kenntnisnahme l\u00f6schen, falls keine Aufbewahrungspflicht besteht<\/p>\n<p><strong><em>VI. Rechte der betroffenen Personen<\/em><\/strong><\/p>\n<p>Sie haben das Recht, von uns Auskunft \u00fcber die zu Ihrer Person gespeicherten personenbezogenen Daten gem\u00e4\u00df Art. 15 DSGVO zu erhalten und\/oder unrichtig gespeicherte personenbezogene Daten gem\u00e4\u00df Art. 16 DSGVO berichtigen zu lassen.<\/p>\n<p>Sie haben dar\u00fcber hinaus das Recht auf L\u00f6schung (Art. 17 DSGVO) oder auf Einschr\u00e4nkung der Verarbeitung (Art. 18 DSGVO) oder ein Widerspruchsrecht gegen die Verarbeitung (Art. 21 DSGVO). Ausgenommen sind Datenspeicherungen, die zum Betrieb der Internetseite technisch notwendig sind. Die Erfassung der Daten zur Bereitstellung der Website und die Speicherung der Daten in Logfiles ist f\u00fcr den Betrieb der Internetseite zwingend erforderlich.<\/p>\n<p>Erfolgt der Widerspruch im Rahmen eines Vertragsverh\u00e4ltnisses kann dies zur Folge haben, dass eine Vertragsdurchf\u00fchrung nicht mehr m\u00f6glich ist.<\/p>\n<p>Beruht die Verarbeitung der personenbezogenen Daten auf einer Einwilligung kann diese jederzeit widerrufen werden. Die Rechtm\u00e4\u00dfigkeit der Verarbeitung bleibt bis zum Widerruf unber\u00fchrt.<\/p>\n<p>Bitte wenden Sie sich zur Wahrnehmung Ihrer Rechte an den Betreiber, E-Mail: <a href=\"mailto:fewo@wwfrei.de\">fewo@wwfrei.de<\/a>.<\/p>\n<p>Sie haben au\u00dferdem das Recht auf Beschwerde bei der Aufsichtsbeh\u00f6rde, wenn Sie der Ansicht sind, dass die Verarbeitung der Sie betreffenden personenbezogenen Daten gegen die datenschutzrechtlichen Vorschriften verst\u00f6\u00dft (Art. 77 DSGVO).<\/p>\n<p>Die zust\u00e4ndige Aufsichtsbeh\u00f6rde ist der Landesbeauftragte f\u00fcr den Datenschutz und die Informationsfreiheit Baden-W\u00fcrttemberg (https:\/\/www.baden-wuerttemberg.datenschutz.de\/)<\/p>\n","protected":false},"excerpt":{"rendered":"<p>I. Verantwortlich f\u00fcr die Webseite Waltraud und Wolfgang Frei Deienmooserstr. 18 78345 Moos 077353584 fewo@wwfrei.de II. Bereitstellung der Website und Erstellung von Logfiles Bei jedem Aufruf unserer Internetseite erfasst das System unseres Providers Strato AG automatisiert Daten und Informationen vom Computersystem des aufrufenden Rechners. Folgende Daten werden hierbei erhoben: 1. Informationen \u00fcber den Browsertyp und [&hellip;]<\/p>\n","protected":false},"author":1,"featured_media":0,"parent":0,"menu_order":0,"comment_status":"closed","ping_status":"closed","template":"","meta":{"footnotes":""},"class_list":["post-185","page","type-page","status-publish","hentry"],"_links":{"self":[{"href":"http:\/\/wwfrei.de\/index.php?rest_route=\/wp\/v2\/pages\/185","targetHints":{"allow":["GET"]}}],"collection":[{"href":"http:\/\/wwfrei.de\/index.php?rest_route=\/wp\/v2\/pages"}],"about":[{"href":"http:\/\/wwfrei.de\/index.php?rest_route=\/wp\/v2\/types\/page"}],"author":[{"embeddable":true,"href":"http:\/\/wwfrei.de\/index.php?rest_route=\/wp\/v2\/users\/1"}],"replies":[{"embeddable":true,"href":"http:\/\/wwfrei.de\/index.php?rest_route=%2Fwp%2Fv2%2Fcomments&post=185"}],"version-history":[{"count":9,"href":"http:\/\/wwfrei.de\/index.php?rest_route=\/wp\/v2\/pages\/185\/revisions"}],"predecessor-version":[{"id":201,"href":"http:\/\/wwfrei.de\/index.php?rest_route=\/wp\/v2\/pages\/185\/revisions\/201"}],"wp:attachment":[{"href":"http:\/\/wwfrei.de\/index.php?rest_route=%2Fwp%2Fv2%2Fmedia&parent=185"}],"curies":[{"name":"wp","href":"https:\/\/api.w.org\/{rel}","templated":true}]}}