{"id":2,"date":"2016-05-10T03:48:21","date_gmt":"2016-05-10T03:48:21","guid":{"rendered":"http:\/\/wwfrei.de\/?page_id=2"},"modified":"2025-04-12T21:01:28","modified_gmt":"2025-04-12T20:01:28","slug":"sample-page","status":"publish","type":"page","link":"http:\/\/wwfrei.de\/","title":{"rendered":"Home"},"content":{"rendered":"<p><img loading=\"lazy\" decoding=\"async\" class=\"alignnone wp-image-94\" src=\"http:\/\/wwfrei.de\/wp-content\/uploads\/2017\/03\/Bodensee-300x141.jpg\" alt=\"Sonnenuntergang \u00fcberm Hegau\" width=\"839\" height=\"401\" \/><\/p>\n<h3><\/h3>\n<h3 style=\"text-align: center;\"><span style=\"color: #ff0000;\">Unsere Ferienwohnung ist momentan leider nicht buchbar!<\/span><\/h3>\n<h3><\/h3>\n<h3 style=\"text-align: center;\"><strong>Willkommen auf der Halbinsel H\u00f6ri,<\/strong><\/h3>\n<h3 style=\"text-align: center;\"><strong>dem Urlaubsparadies am westlichen Bodensee<\/strong><\/h3>\n<p><strong>Unsere Ferienwohnung befindet sich in Bankholzen, einem Ortsteil der Gemeinde Moos auf der Vorderen H\u00f6ri.<\/strong><\/p>\n<p><strong>Ruhig gelegen am Rand des historischen Ortskerns, 200 m bis zum Wald, <\/strong><strong>direkt am Fu\u00df des Schiener Berges mit der M\u00f6glichkeit ausgedehnter Wanderungen oder gem\u00fctlicher Spazierg\u00e4nge,\u00a0 2 km bis zum Strandbad Moos.<\/strong><\/p>\n<p><strong>Ob die Vulkankegel der Hegauberge, der Rheinfall in Schaffhausen (CH) oder die Konzilsstadt Konstanz:\u00a0 alles ist im Umkreis von 25 -30 km zu erreichen, auch bequem und kostenlos per \u00d6PNV mit Ihrer G\u00e4stekarte.<\/strong><\/p>\n<p><strong>\u00a0<\/strong><\/p>\n<p style=\"text-align: center;\"><strong>Wir freuen uns auf Sie!<\/strong><\/p>\n<p>*Schtorepfiff (alemanisch) = ehem. Handwerkerviertel im \u00e4ltesten Teil des Dorfes<\/p>\n<p><strong>\u00a0<\/strong><\/p>\n<p><strong>\u00a0<\/strong><\/p>\n","protected":false},"excerpt":{"rendered":"<p>Unsere Ferienwohnung ist momentan leider nicht buchbar! Willkommen auf der Halbinsel H\u00f6ri, dem Urlaubsparadies am westlichen Bodensee Unsere Ferienwohnung befindet sich in Bankholzen, einem Ortsteil der Gemeinde Moos auf der Vorderen H\u00f6ri. Ruhig gelegen am Rand des historischen Ortskerns, 200 m bis zum Wald, direkt am Fu\u00df des Schiener Berges mit der M\u00f6glichkeit ausgedehnter Wanderungen [&hellip;]<\/p>\n","protected":false},"author":1,"featured_media":0,"parent":0,"menu_order":0,"comment_status":"closed","ping_status":"open","template":"","meta":{"footnotes":""},"class_list":["post-2","page","type-page","status-publish","hentry"],"_links":{"self":[{"href":"http:\/\/wwfrei.de\/index.php?rest_route=\/wp\/v2\/pages\/2","targetHints":{"allow":["GET"]}}],"collection":[{"href":"http:\/\/wwfrei.de\/index.php?rest_route=\/wp\/v2\/pages"}],"about":[{"href":"http:\/\/wwfrei.de\/index.php?rest_route=\/wp\/v2\/types\/page"}],"author":[{"embeddable":true,"href":"http:\/\/wwfrei.de\/index.php?rest_route=\/wp\/v2\/users\/1"}],"replies":[{"embeddable":true,"href":"http:\/\/wwfrei.de\/index.php?rest_route=%2Fwp%2Fv2%2Fcomments&post=2"}],"version-history":[{"count":17,"href":"http:\/\/wwfrei.de\/index.php?rest_route=\/wp\/v2\/pages\/2\/revisions"}],"predecessor-version":[{"id":232,"href":"http:\/\/wwfrei.de\/index.php?rest_route=\/wp\/v2\/pages\/2\/revisions\/232"}],"wp:attachment":[{"href":"http:\/\/wwfrei.de\/index.php?rest_route=%2Fwp%2Fv2%2Fmedia&parent=2"}],"curies":[{"name":"wp","href":"https:\/\/api.w.org\/{rel}","templated":true}]}}